{"id":22,"date":"2012-01-25T19:54:52","date_gmt":"2012-01-25T19:54:52","guid":{"rendered":"http:\/\/bahai-springfieldmo.org\/?page_id=22"},"modified":"2012-01-26T10:59:55","modified_gmt":"2012-01-26T16:59:55","slug":"two-wings-of-a-bird","status":"publish","type":"page","link":"http:\/\/bahai-springfieldmo.org\/?page_id=22","title":{"rendered":"Two Wings of a Bird"},"content":{"rendered":"<p><center><span style=\"color: #000000; font-family: Helvetica,Arial; font-size: small;\"> <strong>&#8220;Two Wings of a Bird&#8221;<\/strong><\/span><\/center><center>A Statement byThe National Spiritual Assembly of the Bah\u00e1&#8217;\u00ed of the United States.<\/center><center>The Bah\u00e1&#8217;\u00ed vision of equality between the sexes rests on the central spiritual principle of the oneness of humankind. The emancipation of women, the achievement of full equality between the sexes, is essential to human progress and the transformation of society. Inequality retards not only the advancement of women but the progress of civilization itself.<\/center><span style=\"font-family: Arial,Helvetica;\"><span style=\"color: #000000; font-family: Helvetica,Arial;\"><br \/>\nThe emancipation of women, the achievement of full equality between the sexes, is essential to human progress and the transformation of society. \u00a0 Inequality retards not only the advancement of women but the progress of civilization itself. \u00a0 The persistent denial of equality to one-half of the world&#8217;s population is an affront to human dignity. \u00a0 It promotes destructive attitudes and habits in men and women that pass from the family to the work-place, to political life, and ultimately, to international relations. On no grounds, moral, biological, or traditional, can inequality be justified. \u00a0 The moral and psychological climate necessary to enable our nation to establish social justice and to contribute to global peace will be created only when women attain full partnership with men in all fields of endevor.<\/p>\n<p>The systematic oppression of women is a conspicuous and tragic fact of history. \u00a0 Restricted to narrow spheres of activity in the life of society, denied educational opportunities and basic human rights, subjected to violence, and frequently treated as less than human, women have been prevented from realizing their true potential. \u00a0 Age-old patterns of subordination, reflected in popular culture, literature and art, law, and even religious scriptures, continue to pervade every aspect of life. \u00a0 Despite the advancement of political and civil rights for women in America and the widespread acceptance of equality in principle, full equality has not been achieved.<\/p>\n<p>The damaging effects of gender prejudice are a fault line beneath the foundation of our national life. \u00a0 The gains for women rest uneasily on unchanged, often un-examined, inherited assumptions. \u00a0 Much remains to be done. \u00a0 The achievement of full equality requires a new understanding of who we are, what is our purpose in life, and how we relate to one another &#8211; an understanding that will compel us to reshape our lives and thereby our society.<\/p>\n<p>At no time since the founding of the women&#8217;s rights movement in fAmerica has the need to focus on this issue been greater. \u00a0 We stand at the threshold of a new century and a new millennium. \u00a0 Their challenges are already upon us, influencing our families, our lifestyles, our nation, and our world. \u00a0 In the process of human evolution, the ages of infancy and childhood are past. \u00a0 The turbulence of adolescence is slowly and painfully preparing us for the age of maturity, when prejudice and exploitation will be abolished and unity established. \u00a0 The elements necessary to unify peoples and nations are precisely those needed to bring about the equality of the sexes and to improve the relationships between women and men. \u00a0 The effort to overcome the history of inequality requires the full participation of every man, woman, youth, and child.<\/p>\n<p>Over a century ago, for the first time in religious history, Bah\u00e1&#8217;u&#8217;ll\u00e1h, the Founder of the Bah\u00e1&#8217;\u00ed Faith, in announcing God&#8217;s purpose for the age, proclaimed the principle of the equality of women and men, saying: &#8220;Women and men have been and will always be equal in the sight of God.&#8221; \u00a0 The establishment of equal rights and privileges for women and men, Bah\u00e1&#8217;u&#8217;ll\u00e1h says, is a precondition for the attainment of a wider unity that will ensure the well-being and security of all peoples. \u00a0 The Bah\u00e1&#8217;\u00ed Writings state emphatically that, &#8220;When all mainkind shall receive the same opportunity of education and the equality of men and women be realized, the foundations of war will be utterly destroyed.&#8221;<\/p>\n<p>Thus the Bah\u00e1&#8217;\u00ed vision of equality between the sexes rests on the central spiritual principle of the oneness of humankind. \u00a0 The principle of oneness requires that we &#8220;regard humanity as a single individual, and one&#8217;s own self as a member of that corporeal form,&#8221; and that we foster an unshakable consciousness that, &#8220;if pain or injury afflicts any member of the body, it must inevitably result in suffering for all the rest.&#8221;<\/p>\n<p>Bah\u00e1&#8217;u&#8217;ll\u00e1h teaches that the divine purpose of creation is the achievement of unity among all peoples:<\/p>\n<p><\/span><\/span><\/p>\n<blockquote><p><span style=\"color: #000000; font-family: Helvetica,Arial;\">Know ye not why We created you all from the same dust? \u00a0 That no one should exalt himself over the other. \u00a0 Ponder at all times in your hearts how ye were created. \u00a0 Since We have created you all from one same substance it is incumbent on you to be even as one soul, to walk with the same feet, eat with the same mouth and dwell in the same land, that from your inmost being, by your deeds and actions, the signs of oneness and the essence of detachment may be made manifest.<\/span><\/p><\/blockquote>\n<p><span style=\"font-family: Arial,Helvetica;\"><span style=\"color: #000000; font-family: Helvetica,Arial;\"> The full and equal participation of women in all spheres of life is essential to social and economic development, the abolition of war, and the ultimate establishment of a united world. \u00a0 In the Bah\u00e1&#8217;\u00ed Scriptures of equality of the sexes is a cornerstone of God&#8217;s plan for human development and prosperity:<\/p>\n<p><\/span><\/span><\/p>\n<table width=\"100%\" border=\"0\" cellspacing=\"0\" cellpadding=\"0\">\n<tbody>\n<tr>\n<td>\n<blockquote><p>The world of humanity is possessed of two wings: the male and the female. \u00a0 So long as these two wings are not equivalent in strength, the bird will not fly. \u00a0 Until womankind reaches the same degree as man, until she enjoys the same arena of activity, extraordinary attainment for humanity will not be realized; humanity cannot wing its way to heights of real atainment. \u00a0 When the two wings&#8230; become equivalent in strength, enjoying the same prerogatives, the flight of man will be exceedingly lofty and extraordinary.<\/p><\/blockquote>\n<\/td>\n<td width=\"5%\"><\/td>\n<\/tr>\n<\/tbody>\n<\/table>\n<p><span style=\"font-family: Arial,Helvetica;\"><span style=\"color: #000000; font-family: Helvetica,Arial;\">The Bah\u00e1&#8217;\u00ed Writings state that to proclaim equlity is not to deny that differences in function between women and men exist but rather to affirm the complementary roles men and women fulfill in the home and society at large. \u00a0 Stating that the acquisition of knowledge serves as &#8220;a ladder for [human] ascent,&#8221; Bah\u00e1&#8217;u&#8217;ll\u00e1h prescribes identical education for women and men, but stipulates that, when resources are limited, first priority should be given to the education of women and girls. The education of girls is particularly important because, although both parents have responsibilities for the rearing of children, it is through educated mothers that the benefits of knowledge can be most effectively diffused throughout society.<\/p>\n<p>Reverence for, and protection of, motherhood have often been used as justification for keeping women socially and economically disadvantaged. \u00a0 It is this discriminatory and injurious result that must change. \u00a0 Great honor and nobility are rightly conferred on the station of motherhood and the importance of training children. \u00a0 Addressing the high station of motherhood, the Bah\u00e1&#8217;\u00ed Writings state, &#8220;O ye loving mothers, know ye that in God&#8217;s sight, the best of all ways to worship Him is to educate the children and train them in all the perfections of humankind&#8230;&#8221;<\/p>\n<p>The great challenge facing society is to make social and economic provisions for the full and equal participation of women in all aspects of life while simultaneously reinforcing the critical functions of motherhood.<\/p>\n<p>Asserting that women and men share similar &#8220;station and rank&#8221; and &#8220;are equally the recipients of powers and endowments from God,&#8221; the Bah\u00e1&#8217;\u00ed teachings offer a model of equality based on the concept of partnership. \u00a0 Only when women become full participants in all domains of life and enter the important arenas of decision making will humanity be prepared to embark on the next stage of its collective development.<\/p>\n<p>Bah\u00e1&#8217;\u00ed Scripture emphatically states that women will be the greatest factor in establishing universal peace and international arbitration. \u00a0 &#8220;So it will come to pass that when women participate fully and equally in the affairs of the world, when they enter confidently and capably the great arena of laws and politics, war will cease; for woman will be the obstacle and hindrance to it.&#8221;<\/p>\n<p>The elimination of discrimination against women is a spiritual and moral imperative that must ultimately reshape existing legal, economic, and social arrangements. \u00a0 Promoting the entry of greater numbers of women into positions of prominence and authority is a necessary but not sufficient step in creating a just social order. \u00a0 Without fundamental changes in the attitudes and values of individuals and in the underlying ethos of social institutions full equality between women and men cannot be achieved. \u00a0 A community based on partnership, a community in which aggression and the use of force are supplanted by cooperation and consultation, requires the transformation of the human heart. <\/span><\/span><\/p>\n<blockquote><p><span style=\"color: #000000; font-family: Helvetica,Arial;\">The world in the past has been ruled by force, and man has dominated over woman by reason of his more forceful and aggressive qualities both of body and mind. \u00a0 But the balance is already shifting; force is losing its dominance, and mental alertness, intuition, and the spiritual qualities of love and service, in which woman is strong, are gaining ascendancy. \u00a0 Hence the new age will be an age less masculine and more permeated with the feminine ideals&#8230; an age in which the masculine and feminine elements of civilization will be more evenly balanced. <\/span><\/p><\/blockquote>\n<p><span style=\"font-family: Arial,Helvetica;\"><span style=\"color: #000000; font-family: Helvetica,Arial;\">Men have an inescapable duty to promote the equality of women.<br \/>\nThe presumption of superiority by men thwarts the ambition of women and inhibits the creation of an environment in which equality may reign. \u00a0 The destructive effects of inequality prevent men from maturing and developing the qualities necessary to meet the challenges of the new millennium. \u00a0 &#8220;As long as women are prevented from attaining their highest possibilities,&#8221; the Bah\u00e1&#8217;\u00ed Writings state, &#8220;so long will men be unable to achieve the greatness which might be theirs.&#8221; \u00a0 It is essential that men engage in a careful, deliberate examination of attitudes, feelings, and behavior deeply rooted in cultural habit that block the equal participation of women and stifle the growth of men. \u00a0 The willingness of men to take responsibility for equality will create an optimum environment for progress: &#8220;When men own the equality of women there will be no need for them to struggle for their rights.&#8221;<\/p>\n<p>The long-standing and deeply rooted condition of inequality must be eliminated. \u00a0 To overcome such a condition requires the exercise of nothing short of &#8220;genuine love, extreme patience, true humility, consummate tact, sound initiative, mature wisdom, and deliberate, persistent, and prayerfull effort.&#8221; Ultimately, Bah\u00e1&#8217;u&#8217;ll\u00e1h promises, a day will come when men will welcome women in all aspects of life. \u00a0 Now is the time to move decisively toward that promised future.<br \/>\n<\/span><\/span><\/p>\n<p>For further information about the Bah\u00e1&#8217;\u00ed vision of gender equality, contact:<\/p>\n<div>The Bah\u00e1&#8217;\u00ed Faith<\/div>\n<div>Attn: The National Committee for the Advancement of Women<br \/>\n1233 Central Street<br \/>\nEvanstone, Illinois \u00a0 60201-1611<br \/>\nEmail: <a href=\"mailto:ncaw@messages.usbnc.org\">ncaw@messages.usbnc.org<\/a><\/div>\n","protected":false},"excerpt":{"rendered":"<p> &#8220;Two Wings of a Bird&#8221;A Statement byThe National Spiritual Assembly of the Bah\u00e1&#8217;\u00ed of the United States.The Bah\u00e1&#8217;\u00ed vision of equality between the sexes rests on the central spiritual principle of the oneness of humankind. The emancipation of women, the achievement of full equality between the sexes, is essential to human progress and the [&#8230;]<\/p>\n","protected":false},"author":1,"featured_media":0,"parent":0,"menu_order":0,"comment_status":"closed","ping_status":"open","template":"","meta":{"footnotes":""},"class_list":["post-22","page","type-page","status-publish","hentry","odd"],"_links":{"self":[{"href":"http:\/\/bahai-springfieldmo.org\/index.php?rest_route=\/wp\/v2\/pages\/22","targetHints":{"allow":["GET"]}}],"collection":[{"href":"http:\/\/bahai-springfieldmo.org\/index.php?rest_route=\/wp\/v2\/pages"}],"about":[{"href":"http:\/\/bahai-springfieldmo.org\/index.php?rest_route=\/wp\/v2\/types\/page"}],"author":[{"embeddable":true,"href":"http:\/\/bahai-springfieldmo.org\/index.php?rest_route=\/wp\/v2\/users\/1"}],"replies":[{"embeddable":true,"href":"http:\/\/bahai-springfieldmo.org\/index.php?rest_route=%2Fwp%2Fv2%2Fcomments&post=22"}],"version-history":[{"count":2,"href":"http:\/\/bahai-springfieldmo.org\/index.php?rest_route=\/wp\/v2\/pages\/22\/revisions"}],"predecessor-version":[{"id":58,"href":"http:\/\/bahai-springfieldmo.org\/index.php?rest_route=\/wp\/v2\/pages\/22\/revisions\/58"}],"wp:attachment":[{"href":"http:\/\/bahai-springfieldmo.org\/index.php?rest_route=%2Fwp%2Fv2%2Fmedia&parent=22"}],"curies":[{"name":"wp","href":"https:\/\/api.w.org\/{rel}","templated":true}]}}