{"id":31,"date":"2012-01-25T20:23:40","date_gmt":"2012-01-25T20:23:40","guid":{"rendered":"http:\/\/bahai-springfieldmo.org\/?page_id=31"},"modified":"2024-11-22T05:00:15","modified_gmt":"2024-11-22T11:00:15","slug":"other-bahai-web-sites","status":"publish","type":"page","link":"http:\/\/bahai-springfieldmo.org\/?page_id=31","title":{"rendered":"Other Bah\u00e1&#8217;\u00ed Web Sites"},"content":{"rendered":"<p><a href=\"http:\/\/www.us.bahai.org\/\"><strong>Welcome to The Bah\u00e1&#8217;\u00ed Faith<\/strong><\/a><br \/>\nLots of information on a wide variety of Bah\u00e1&#8217;\u00ed topics.<\/p>\n<p><a href=\"http:\/\/www.bahai.org\/\"><strong>The Bah\u00e1&#8217;\u00ed World<\/strong><\/a><br \/>\nLots of information about the Bah\u00e1&#8217;\u00ed faith.\u00a0 In-depth topics and a wide variety of subjects.<\/p>\n<p><a href=\"http:\/\/www.louhelen.org\/\"><strong>The LouHelen Bah\u00e1&#8217;\u00ed School and Retreat<\/strong><\/a><br \/>\nThis is the official web site for the school&#8217;s Retreat and Conference Center in Davison, Michigan.<\/p>\n<p><a href=\"http:\/\/www.usbnc.org\/\"><strong>The Bah\u00e1&#8217;\u00ed Administrative Web Site<\/strong><\/a><br \/>\nThe official administrative web site of the Bah\u00e1&#8217;\u00ed&#8217;s of the United States.<\/p>\n","protected":false},"excerpt":{"rendered":"<p>Welcome to The Bah\u00e1&#8217;\u00ed Faith Lots of information on a wide variety of Bah\u00e1&#8217;\u00ed topics.<\/p>\n<p>The Bah\u00e1&#8217;\u00ed World Lots of information about the Bah\u00e1&#8217;\u00ed faith. In-depth topics and a wide variety of subjects.<\/p>\n<p>The LouHelen Bah\u00e1&#8217;\u00ed School and Retreat This is the official web site for the school&#8217;s Retreat and Conference Center in Davison, Michigan.<\/p>\n<p> [&#8230;]<\/p>\n","protected":false},"author":1,"featured_media":0,"parent":0,"menu_order":0,"comment_status":"closed","ping_status":"open","template":"","meta":{"footnotes":""},"class_list":["post-31","page","type-page","status-publish","hentry","odd"],"_links":{"self":[{"href":"http:\/\/bahai-springfieldmo.org\/index.php?rest_route=\/wp\/v2\/pages\/31","targetHints":{"allow":["GET"]}}],"collection":[{"href":"http:\/\/bahai-springfieldmo.org\/index.php?rest_route=\/wp\/v2\/pages"}],"about":[{"href":"http:\/\/bahai-springfieldmo.org\/index.php?rest_route=\/wp\/v2\/types\/page"}],"author":[{"embeddable":true,"href":"http:\/\/bahai-springfieldmo.org\/index.php?rest_route=\/wp\/v2\/users\/1"}],"replies":[{"embeddable":true,"href":"http:\/\/bahai-springfieldmo.org\/index.php?rest_route=%2Fwp%2Fv2%2Fcomments&post=31"}],"version-history":[{"count":5,"href":"http:\/\/bahai-springfieldmo.org\/index.php?rest_route=\/wp\/v2\/pages\/31\/revisions"}],"predecessor-version":[{"id":516,"href":"http:\/\/bahai-springfieldmo.org\/index.php?rest_route=\/wp\/v2\/pages\/31\/revisions\/516"}],"wp:attachment":[{"href":"http:\/\/bahai-springfieldmo.org\/index.php?rest_route=%2Fwp%2Fv2%2Fmedia&parent=31"}],"curies":[{"name":"wp","href":"https:\/\/api.w.org\/{rel}","templated":true}]}}